{"id":765,"date":"2022-06-12T19:00:24","date_gmt":"2022-06-12T17:00:24","guid":{"rendered":"https:\/\/www.johannesschwelm.de\/wordpress\/?page_id=765"},"modified":"2022-06-12T19:12:49","modified_gmt":"2022-06-12T17:12:49","slug":"meine-100-schlimmsten-auftritte","status":"publish","type":"page","link":"https:\/\/www.johannesschwelm.de\/wordpress\/meine-100-schlimmsten-auftritte","title":{"rendered":"Meine 100 schlimmsten Auftritte"},"content":{"rendered":"\n<div class=\"wp-container-3 wp-block-columns\">\n<div class=\"wp-container-1 wp-block-column\" style=\"flex-basis:33.33%\">\n<figure class=\"wp-block-image size-large\"><a href=\"https:\/\/www.johannesschwelm.de\/wordpress\/wp-content\/uploads\/2022\/06\/Meine-100-schlimmsten-Auftritte_Cover-1.jpg\"><img loading=\"lazy\" width=\"780\" height=\"1024\" src=\"https:\/\/www.johannesschwelm.de\/wordpress\/wp-content\/uploads\/2022\/06\/Meine-100-schlimmsten-Auftritte_Cover-1-780x1024.jpg\" alt=\"\" class=\"wp-image-770\" srcset=\"https:\/\/www.johannesschwelm.de\/wordpress\/wp-content\/uploads\/2022\/06\/Meine-100-schlimmsten-Auftritte_Cover-1-780x1024.jpg 780w, https:\/\/www.johannesschwelm.de\/wordpress\/wp-content\/uploads\/2022\/06\/Meine-100-schlimmsten-Auftritte_Cover-1-229x300.jpg 229w, https:\/\/www.johannesschwelm.de\/wordpress\/wp-content\/uploads\/2022\/06\/Meine-100-schlimmsten-Auftritte_Cover-1-768x1008.jpg 768w, https:\/\/www.johannesschwelm.de\/wordpress\/wp-content\/uploads\/2022\/06\/Meine-100-schlimmsten-Auftritte_Cover-1-1170x1536.jpg 1170w, https:\/\/www.johannesschwelm.de\/wordpress\/wp-content\/uploads\/2022\/06\/Meine-100-schlimmsten-Auftritte_Cover-1.jpg 1200w\" sizes=\"(max-width: 706px) 89vw, (max-width: 767px) 82vw, 740px\" \/><\/a><figcaption>Ludwigsfelder Verlagshaus<br>1. Auflage 2018<\/figcaption><\/figure>\n<\/div>\n\n\n\n<div class=\"wp-container-2 wp-block-column\" style=\"flex-basis:66.66%\">\n<p>Wenn die Selbsthilfegruppe Prostata in Wachtendonk-Wankum Weihnachten feiert oder der allj\u00e4hrliche Rentnertreff der Ennepetaler Verkehrsbetriebe ansteht, dann ist das ein Fall f\u00fcr Heribert Kowalski.<br>Der dicke Comedian ist ein armer Tropf: Er hat schlimme Eltern, nie eine Frau und Nachbarn, die man keinem w\u00fcnscht. Doch als Nadja, die leider viel zu sch\u00f6n f\u00fcr ihn ist, in sein Leben tritt, wendet sich das Blatt.<\/p>\n\n\n\n<p>Der Autor dieses Comedy-Romans, Johannes Schwelm, tingelt seit 15 Jahren mit seinen B\u00fchnenshows durch die Republik. Bei \u00fcber 500 Weihnachtsfeiern, Geburtstagen, Goldenen Hochzeiten und Sch\u00fctzenfesten zeigte er seine Parodien und musste dabei feststellen, dass Komik eine todernste Angelegenheit sein kann. Er hat einen Roman \u00fcber gro\u00dfe Tr\u00e4ume, Kunst, die Komik des Scheiterns und die Wahl zur 2. Milchk\u00f6nigin von Rheinland-Pfalz geschrieben. Denn auch da wird ein Spa\u00dfmacher gebraucht. Mission impossible f\u00fcr seinen Romanhelden Heribert Kowalski?<\/p>\n<\/div>\n<\/div>\n","protected":false},"excerpt":{"rendered":"<p>Wenn die Selbsthilfegruppe Prostata in Wachtendonk-Wankum Weihnachten feiert oder der allj\u00e4hrliche Rentnertreff der Ennepetaler Verkehrsbetriebe ansteht, dann ist das ein Fall f\u00fcr Heribert Kowalski.Der dicke Comedian ist ein armer Tropf: Er hat schlimme Eltern, nie eine Frau und Nachbarn, die man keinem w\u00fcnscht. Doch als Nadja, die leider viel zu sch\u00f6n f\u00fcr ihn ist, in &hellip; <\/p>\n<p class=\"link-more\"><a href=\"https:\/\/www.johannesschwelm.de\/wordpress\/meine-100-schlimmsten-auftritte\" class=\"more-link\"><span class=\"screen-reader-text\">\u201eMeine 100 schlimmsten Auftritte\u201c<\/span> weiterlesen<\/a><\/p>\n","protected":false},"author":2,"featured_media":0,"parent":0,"menu_order":0,"comment_status":"closed","ping_status":"closed","template":"","meta":[],"_links":{"self":[{"href":"https:\/\/www.johannesschwelm.de\/wordpress\/wp-json\/wp\/v2\/pages\/765"}],"collection":[{"href":"https:\/\/www.johannesschwelm.de\/wordpress\/wp-json\/wp\/v2\/pages"}],"about":[{"href":"https:\/\/www.johannesschwelm.de\/wordpress\/wp-json\/wp\/v2\/types\/page"}],"author":[{"embeddable":true,"href":"https:\/\/www.johannesschwelm.de\/wordpress\/wp-json\/wp\/v2\/users\/2"}],"replies":[{"embeddable":true,"href":"https:\/\/www.johannesschwelm.de\/wordpress\/wp-json\/wp\/v2\/comments?post=765"}],"version-history":[{"count":3,"href":"https:\/\/www.johannesschwelm.de\/wordpress\/wp-json\/wp\/v2\/pages\/765\/revisions"}],"predecessor-version":[{"id":777,"href":"https:\/\/www.johannesschwelm.de\/wordpress\/wp-json\/wp\/v2\/pages\/765\/revisions\/777"}],"wp:attachment":[{"href":"https:\/\/www.johannesschwelm.de\/wordpress\/wp-json\/wp\/v2\/media?parent=765"}],"curies":[{"name":"wp","href":"https:\/\/api.w.org\/{rel}","templated":true}]}}