{"id":677,"date":"2022-05-18T12:57:07","date_gmt":"2022-05-18T10:57:07","guid":{"rendered":"https:\/\/www.johannesschwelm.de\/wordpress\/?page_id=677"},"modified":"2022-06-12T20:56:34","modified_gmt":"2022-06-12T18:56:34","slug":"fotografien","status":"publish","type":"page","link":"https:\/\/www.johannesschwelm.de\/wordpress\/fotografien","title":{"rendered":"Fotografien"},"content":{"rendered":"\n<p>1987 wurde im Haus der Jugend in Neuss meine erste Fotoausstellung gezeigt &#8211; eine schwarz\/wei\u00df Reportage \u00fcber einen alten Fahrradmechaniker in einem norddeutschen Dorf. Seitdem ver\u00f6ffentliche ich meine Bilder regelm\u00e4\u00dfig in der Region in Gruppen- und Einzelausstellungen sowie auf Kunstm\u00e4rkten.<\/p>\n\n\n<div id=\"metaslider-id-660\" style=\"width: 100%;\" class=\"ml-slider-3-109-0 metaslider metaslider-flex metaslider-660 ml-slider has-dots-nav ms-theme-default\" role=\"region\" aria-label=\"Fotografien\" data-height=\"800\" data-width=\"1200\">\n    <div id=\"metaslider_container_660\">\n        <div id=\"metaslider_660\" class=\"flexslider\">\n            <ul class='slides'>\n                <li style=\"display: block; width: 100%;\" class=\"slide-708 ms-image \" aria-roledescription=\"slide\" data-date=\"2022-06-07 12:01:18\" data-filename=\"2-Schildkro\u0308ten-Webs.jpg\" data-slide-type=\"image\"><img src=\"https:\/\/www.johannesschwelm.de\/wordpress\/wp-content\/uploads\/2022\/06\/2-Schildkro\u0308ten-Webs.jpg\" height=\"800\" width=\"1200\" alt=\"\" class=\"slider-660 slide-708 msDefaultImage\" title=\"2 Schildkro\u0308ten Webs\" \/><\/li>\n                <li style=\"display: none; width: 100%;\" class=\"slide-709 ms-image \" aria-roledescription=\"slide\" data-date=\"2022-06-07 12:01:18\" data-filename=\"Bangkok-1200x800.jpg\" data-slide-type=\"image\"><img src=\"https:\/\/www.johannesschwelm.de\/wordpress\/wp-content\/uploads\/2022\/06\/Bangkok-1200x800.jpg\" height=\"800\" width=\"1200\" alt=\"\" class=\"slider-660 slide-709 msDefaultImage\" title=\"Bangkok\" \/><\/li>\n                <li style=\"display: none; width: 100%;\" class=\"slide-710 ms-image \" aria-roledescription=\"slide\" data-date=\"2022-06-07 12:01:18\" data-filename=\"Holzheim-Webs.jpg\" data-slide-type=\"image\"><img src=\"https:\/\/www.johannesschwelm.de\/wordpress\/wp-content\/uploads\/2022\/06\/Holzheim-Webs.jpg\" height=\"800\" width=\"1200\" alt=\"\" class=\"slider-660 slide-710 msDefaultImage\" title=\"Holzheim Webs\" \/><\/li>\n                <li style=\"display: none; width: 100%;\" class=\"slide-711 ms-image \" aria-roledescription=\"slide\" data-date=\"2022-06-07 12:01:18\" data-filename=\"Nordpark-Webs-1200x800.jpg\" data-slide-type=\"image\"><img src=\"https:\/\/www.johannesschwelm.de\/wordpress\/wp-content\/uploads\/2022\/06\/Nordpark-Webs-1200x800.jpg\" height=\"800\" width=\"1200\" alt=\"\" class=\"slider-660 slide-711 msDefaultImage\" title=\"Nordpark Webs\" \/><\/li>\n                <li style=\"display: none; width: 100%;\" class=\"slide-744 ms-image \" aria-roledescription=\"slide\" data-date=\"2022-06-11 09:48:11\" data-filename=\"Bru\u0308cke-Turm-Webs-1200x800.jpg\" data-slide-type=\"image\"><img src=\"https:\/\/www.johannesschwelm.de\/wordpress\/wp-content\/uploads\/2022\/06\/Bru\u0308cke-Turm-Webs-1200x800.jpg\" height=\"800\" width=\"1200\" alt=\"\" class=\"slider-660 slide-744 msDefaultImage\" title=\"Bru\u0308cke Turm Webs\" \/><\/li>\n                <li style=\"display: none; width: 100%;\" class=\"slide-745 ms-image \" aria-roledescription=\"slide\" data-date=\"2022-06-11 09:48:11\" data-filename=\"Geba\u0308ude-Heerdt-Webs-1111x741.jpg\" data-slide-type=\"image\"><img src=\"https:\/\/www.johannesschwelm.de\/wordpress\/wp-content\/uploads\/2022\/06\/Geba\u0308ude-Heerdt-Webs-1111x741.jpg\" height=\"800\" width=\"1200\" alt=\"\" class=\"slider-660 slide-745 msDefaultImage\" title=\"Geba\u0308ude Heerdt Webs\" \/><\/li>\n                <li style=\"display: none; width: 100%;\" class=\"slide-746 ms-image \" aria-roledescription=\"slide\" data-date=\"2022-06-11 09:48:11\" data-filename=\"Mohn-Webside.jpg\" data-slide-type=\"image\"><img src=\"https:\/\/www.johannesschwelm.de\/wordpress\/wp-content\/uploads\/2022\/06\/Mohn-Webside.jpg\" height=\"800\" width=\"1200\" alt=\"\" class=\"slider-660 slide-746 msDefaultImage\" title=\"Mohn Webside\" \/><\/li>\n                <li style=\"display: none; width: 100%;\" class=\"slide-747 ms-image \" aria-roledescription=\"slide\" data-date=\"2022-06-11 09:48:11\" data-filename=\"Bunkerk-Webside.jpg\" data-slide-type=\"image\"><img src=\"https:\/\/www.johannesschwelm.de\/wordpress\/wp-content\/uploads\/2022\/06\/Bunkerk-Webside.jpg\" height=\"800\" width=\"1200\" alt=\"\" class=\"slider-660 slide-747 msDefaultImage\" title=\"Bunkerk Webside\" \/><\/li>\n                <li style=\"display: none; width: 100%;\" class=\"slide-748 ms-image \" aria-roledescription=\"slide\" data-date=\"2022-06-11 09:48:11\" data-filename=\"Platane-Webside-1200x800.jpg\" data-slide-type=\"image\"><img src=\"https:\/\/www.johannesschwelm.de\/wordpress\/wp-content\/uploads\/2022\/06\/Platane-Webside-1200x800.jpg\" height=\"800\" width=\"1200\" alt=\"\" class=\"slider-660 slide-748 msDefaultImage\" title=\"Platane Webside\" \/><\/li>\n                <li style=\"display: none; width: 100%;\" class=\"slide-749 ms-image \" aria-roledescription=\"slide\" data-date=\"2022-06-11 09:48:11\" data-filename=\"Muscheln-Webside-1200x800.jpg\" data-slide-type=\"image\"><img src=\"https:\/\/www.johannesschwelm.de\/wordpress\/wp-content\/uploads\/2022\/06\/Muscheln-Webside-1200x800.jpg\" height=\"800\" width=\"1200\" alt=\"\" class=\"slider-660 slide-749 msDefaultImage\" title=\"Muscheln Webside\" \/><\/li>\n            <\/ul>\n        <\/div>\n        \n    <\/div>\n<\/div>\n","protected":false},"excerpt":{"rendered":"<p>1987 wurde im Haus der Jugend in Neuss meine erste Fotoausstellung gezeigt &#8211; eine schwarz\/wei\u00df Reportage \u00fcber einen alten Fahrradmechaniker in einem norddeutschen Dorf. Seitdem ver\u00f6ffentliche ich meine Bilder regelm\u00e4\u00dfig in der Region in Gruppen- und Einzelausstellungen sowie auf Kunstm\u00e4rkten.<\/p>\n","protected":false},"author":2,"featured_media":0,"parent":0,"menu_order":0,"comment_status":"closed","ping_status":"closed","template":"","meta":[],"_links":{"self":[{"href":"https:\/\/www.johannesschwelm.de\/wordpress\/wp-json\/wp\/v2\/pages\/677"}],"collection":[{"href":"https:\/\/www.johannesschwelm.de\/wordpress\/wp-json\/wp\/v2\/pages"}],"about":[{"href":"https:\/\/www.johannesschwelm.de\/wordpress\/wp-json\/wp\/v2\/types\/page"}],"author":[{"embeddable":true,"href":"https:\/\/www.johannesschwelm.de\/wordpress\/wp-json\/wp\/v2\/users\/2"}],"replies":[{"embeddable":true,"href":"https:\/\/www.johannesschwelm.de\/wordpress\/wp-json\/wp\/v2\/comments?post=677"}],"version-history":[{"count":3,"href":"https:\/\/www.johannesschwelm.de\/wordpress\/wp-json\/wp\/v2\/pages\/677\/revisions"}],"predecessor-version":[{"id":779,"href":"https:\/\/www.johannesschwelm.de\/wordpress\/wp-json\/wp\/v2\/pages\/677\/revisions\/779"}],"wp:attachment":[{"href":"https:\/\/www.johannesschwelm.de\/wordpress\/wp-json\/wp\/v2\/media?parent=677"}],"curies":[{"name":"wp","href":"https:\/\/api.w.org\/{rel}","templated":true}]}}