{"id":645,"date":"2022-05-18T12:46:39","date_gmt":"2022-05-18T10:46:39","guid":{"rendered":"https:\/\/www.johannesschwelm.de\/wordpress\/?page_id=645"},"modified":"2022-06-12T19:10:30","modified_gmt":"2022-06-12T17:10:30","slug":"buecher","status":"publish","type":"page","link":"https:\/\/www.johannesschwelm.de\/wordpress\/buecher","title":{"rendered":"Romane"},"content":{"rendered":"\n<p>Bisher habe ich drei Romane im Ludwigsfelder Verlagshaus ver\u00f6ffentlicht. Sie k\u00f6nnen Sie  f\u00fcr 10 Euro plus Versand <a href=\"mailto:johannes.schwelm@gmx.de\" data-type=\"page\">bei mir bestellen<\/a> oder mich auch gerne f\u00fcr eine Lesung <a href=\"mailto:johannes.schwelm@gmx.de\" data-type=\"page\">buchen<\/a><a href=\"https:\/\/www.johannesschwelm.de\/wordpress\/impressum\" data-type=\"page\" data-id=\"8\">.<\/a> <br>Ich habe meine B\u00fccher an vielen Orten vorgestellt, u.a. in der <em>Monheimer Stadtbibliothek<\/em>, dem <em>Borkener Kunstverein<\/em>, dem <em>Theater am Schlachthof Neuss<\/em> oder der <em>Schule f\u00fcr Kunst und Theater Alte Post in Neuss<\/em>.<\/p>\n\n\n\n<p><em>&#8222;An Johannes Schwelm ist ein Schauspieler verloren gegangen. Als der Autor jetzt im Artline-Treff aus seinem Buch \u201eNeuss ist sch\u00f6ner wie Paris\u201c vorlas, pr\u00e4sentierte er sich facettenreich und ausdrucksvoll: Er lachte, jammerte, fluchte, was das Zeug hielt und wurde \u2013 ganz zum Vergn\u00fcgen seiner Zuh\u00f6rer \u2013 auch schon mal zickig, wenn er fl\u00fcssig zwischen den Redestilen seiner Personen wechselte und sich pl\u00f6tzlich im rheinischen \u201eDialekt\u201c aufregte. Dabei h\u00e4tte den belustigten Besuchern eigentlich das Lachen wie ein Klo\u00df im Halse stecken bleiben m\u00fcssen, setzt sich doch Schwelms Roman mit so bedr\u00fcckenden Themen wie fehlender Liebe, sozialer K\u00e4lte und Beziehungslosigkeit auseinander \u2026&#8220; <\/em>Borkener Zeitung<\/p>\n\n\n\n<figure class=\"wp-container-2 wp-block-gallery-1 wp-block-gallery has-nested-images columns-default is-cropped\">\n<figure class=\"wp-block-image size-large\"><a href=\"https:\/\/www.johannesschwelm.de\/wordpress\/wp-content\/uploads\/2022\/05\/Das-kranke-Haus_Cover.jpg\"><img loading=\"lazy\" width=\"683\" height=\"1024\" data-id=\"647\"  src=\"https:\/\/www.johannesschwelm.de\/wordpress\/wp-content\/uploads\/2022\/05\/Das-kranke-Haus_Cover-683x1024.jpg\" alt=\"\" class=\"wp-image-647\" srcset=\"https:\/\/www.johannesschwelm.de\/wordpress\/wp-content\/uploads\/2022\/05\/Das-kranke-Haus_Cover-683x1024.jpg 683w, https:\/\/www.johannesschwelm.de\/wordpress\/wp-content\/uploads\/2022\/05\/Das-kranke-Haus_Cover-200x300.jpg 200w, https:\/\/www.johannesschwelm.de\/wordpress\/wp-content\/uploads\/2022\/05\/Das-kranke-Haus_Cover-768x1152.jpg 768w, https:\/\/www.johannesschwelm.de\/wordpress\/wp-content\/uploads\/2022\/05\/Das-kranke-Haus_Cover-1024x1536.jpg 1024w, https:\/\/www.johannesschwelm.de\/wordpress\/wp-content\/uploads\/2022\/05\/Das-kranke-Haus_Cover.jpg 1200w\" sizes=\"(max-width: 683px) 100vw, 683px\" \/><\/a><\/figure>\n\n\n\n<figure class=\"wp-block-image size-large\"><a href=\"https:\/\/www.johannesschwelm.de\/wordpress\/wp-content\/uploads\/2022\/05\/Neuss-ist-scho\u0308ner-wie-Paris-Cover.jpg\"><img loading=\"lazy\" width=\"778\" height=\"1024\" data-id=\"649\"  src=\"https:\/\/www.johannesschwelm.de\/wordpress\/wp-content\/uploads\/2022\/05\/Neuss-ist-scho\u0308ner-wie-Paris-Cover-778x1024.jpg\" alt=\"\" class=\"wp-image-649\" srcset=\"https:\/\/www.johannesschwelm.de\/wordpress\/wp-content\/uploads\/2022\/05\/Neuss-ist-scho\u0308ner-wie-Paris-Cover-778x1024.jpg 778w, https:\/\/www.johannesschwelm.de\/wordpress\/wp-content\/uploads\/2022\/05\/Neuss-ist-scho\u0308ner-wie-Paris-Cover-228x300.jpg 228w, https:\/\/www.johannesschwelm.de\/wordpress\/wp-content\/uploads\/2022\/05\/Neuss-ist-scho\u0308ner-wie-Paris-Cover-768x1011.jpg 768w, https:\/\/www.johannesschwelm.de\/wordpress\/wp-content\/uploads\/2022\/05\/Neuss-ist-scho\u0308ner-wie-Paris-Cover-1167x1536.jpg 1167w, https:\/\/www.johannesschwelm.de\/wordpress\/wp-content\/uploads\/2022\/05\/Neuss-ist-scho\u0308ner-wie-Paris-Cover.jpg 1200w\" sizes=\"(max-width: 706px) 89vw, (max-width: 767px) 82vw, 740px\" \/><\/a><\/figure>\n\n\n\n<figure class=\"wp-block-image size-large\"><a href=\"https:\/\/www.johannesschwelm.de\/wordpress\/wp-content\/uploads\/2022\/05\/Meine-100-schlimmsten-Auftritte_Cover.jpg\"><img loading=\"lazy\" width=\"780\" height=\"1024\" data-id=\"648\"  src=\"https:\/\/www.johannesschwelm.de\/wordpress\/wp-content\/uploads\/2022\/05\/Meine-100-schlimmsten-Auftritte_Cover-780x1024.jpg\" alt=\"\" class=\"wp-image-648\" srcset=\"https:\/\/www.johannesschwelm.de\/wordpress\/wp-content\/uploads\/2022\/05\/Meine-100-schlimmsten-Auftritte_Cover-780x1024.jpg 780w, https:\/\/www.johannesschwelm.de\/wordpress\/wp-content\/uploads\/2022\/05\/Meine-100-schlimmsten-Auftritte_Cover-229x300.jpg 229w, https:\/\/www.johannesschwelm.de\/wordpress\/wp-content\/uploads\/2022\/05\/Meine-100-schlimmsten-Auftritte_Cover-768x1008.jpg 768w, https:\/\/www.johannesschwelm.de\/wordpress\/wp-content\/uploads\/2022\/05\/Meine-100-schlimmsten-Auftritte_Cover-1170x1536.jpg 1170w, https:\/\/www.johannesschwelm.de\/wordpress\/wp-content\/uploads\/2022\/05\/Meine-100-schlimmsten-Auftritte_Cover.jpg 1200w\" sizes=\"(max-width: 706px) 89vw, (max-width: 767px) 82vw, 740px\" \/><\/a><\/figure>\n<\/figure>\n","protected":false},"excerpt":{"rendered":"<p>Bisher habe ich drei Romane im Ludwigsfelder Verlagshaus ver\u00f6ffentlicht. Sie k\u00f6nnen Sie f\u00fcr 10 Euro plus Versand bei mir bestellen oder mich auch gerne f\u00fcr eine Lesung buchen. Ich habe meine B\u00fccher an vielen Orten vorgestellt, u.a. in der Monheimer Stadtbibliothek, dem Borkener Kunstverein, dem Theater am Schlachthof Neuss oder der Schule f\u00fcr Kunst und &hellip; <\/p>\n<p class=\"link-more\"><a href=\"https:\/\/www.johannesschwelm.de\/wordpress\/buecher\" class=\"more-link\"><span class=\"screen-reader-text\">\u201eRomane\u201c<\/span> weiterlesen<\/a><\/p>\n","protected":false},"author":2,"featured_media":0,"parent":0,"menu_order":0,"comment_status":"closed","ping_status":"closed","template":"","meta":[],"_links":{"self":[{"href":"https:\/\/www.johannesschwelm.de\/wordpress\/wp-json\/wp\/v2\/pages\/645"}],"collection":[{"href":"https:\/\/www.johannesschwelm.de\/wordpress\/wp-json\/wp\/v2\/pages"}],"about":[{"href":"https:\/\/www.johannesschwelm.de\/wordpress\/wp-json\/wp\/v2\/types\/page"}],"author":[{"embeddable":true,"href":"https:\/\/www.johannesschwelm.de\/wordpress\/wp-json\/wp\/v2\/users\/2"}],"replies":[{"embeddable":true,"href":"https:\/\/www.johannesschwelm.de\/wordpress\/wp-json\/wp\/v2\/comments?post=645"}],"version-history":[{"count":8,"href":"https:\/\/www.johannesschwelm.de\/wordpress\/wp-json\/wp\/v2\/pages\/645\/revisions"}],"predecessor-version":[{"id":775,"href":"https:\/\/www.johannesschwelm.de\/wordpress\/wp-json\/wp\/v2\/pages\/645\/revisions\/775"}],"wp:attachment":[{"href":"https:\/\/www.johannesschwelm.de\/wordpress\/wp-json\/wp\/v2\/media?parent=645"}],"curies":[{"name":"wp","href":"https:\/\/api.w.org\/{rel}","templated":true}]}}