{"id":629,"date":"2022-05-10T18:36:59","date_gmt":"2022-05-10T16:36:59","guid":{"rendered":"http:\/\/www.johannesschwelm.de\/wordpress\/?page_id=629"},"modified":"2023-09-15T09:52:27","modified_gmt":"2023-09-15T07:52:27","slug":"startseite","status":"publish","type":"page","link":"https:\/\/www.johannesschwelm.de\/wordpress\/","title":{"rendered":"Startseite"},"content":{"rendered":"\n<h3>Oh! Besuch! Willkommen auf meiner bescheidenen Homepage.<\/h3>\n\n\n\n<p>Sie m\u00f6chten sich informieren \u00fcber meine Romane?<br>Den Bildband \u00fcber meine Heimatstadt Neuss?<br>Oder sind an Fotografie und Malerei interessiert?<br>Klicken Sie wie Sie lustig sind.<br><br><a href=\"mailto:johannes.schwelm@gmx.de\">Sprechen Sie mich gerne  an<\/a>, falls Sie Interesse an einer Lesung oder einem Bildvortrag bei Ihnen haben.<\/p>\n\n\n\n<figure class=\"wp-container-2 wp-block-gallery-1 wp-block-gallery has-nested-images columns-default is-cropped\">\n<figure class=\"wp-block-image size-large\"><a href=\"https:\/\/www.johannesschwelm.de\/wordpress\/wp-content\/uploads\/2022\/06\/Johannes-Schwelm-Portra\u0308t-\u00a9Holger-Girbig.jpg\"><img loading=\"lazy\" width=\"1024\" height=\"684\" data-id=\"692\"  src=\"https:\/\/www.johannesschwelm.de\/wordpress\/wp-content\/uploads\/2022\/06\/Johannes-Schwelm-Portra\u0308t-\u00a9Holger-Girbig-1024x684.jpg\" alt=\"\" class=\"wp-image-692\" srcset=\"https:\/\/www.johannesschwelm.de\/wordpress\/wp-content\/uploads\/2022\/06\/Johannes-Schwelm-Portra\u0308t-\u00a9Holger-Girbig-1024x684.jpg 1024w, https:\/\/www.johannesschwelm.de\/wordpress\/wp-content\/uploads\/2022\/06\/Johannes-Schwelm-Portra\u0308t-\u00a9Holger-Girbig-300x200.jpg 300w, https:\/\/www.johannesschwelm.de\/wordpress\/wp-content\/uploads\/2022\/06\/Johannes-Schwelm-Portra\u0308t-\u00a9Holger-Girbig-768x513.jpg 768w, https:\/\/www.johannesschwelm.de\/wordpress\/wp-content\/uploads\/2022\/06\/Johannes-Schwelm-Portra\u0308t-\u00a9Holger-Girbig.jpg 1200w\" sizes=\"(max-width: 706px) 89vw, (max-width: 767px) 82vw, 740px\" \/><\/a><\/figure>\n<\/figure>\n","protected":false},"excerpt":{"rendered":"<p>Oh! Besuch! Willkommen auf meiner bescheidenen Homepage. Sie m\u00f6chten sich informieren \u00fcber meine Romane?Den Bildband \u00fcber meine Heimatstadt Neuss?Oder sind an Fotografie und Malerei interessiert?Klicken Sie wie Sie lustig sind. Sprechen Sie mich gerne an, falls Sie Interesse an einer Lesung oder einem Bildvortrag bei Ihnen haben.<\/p>\n","protected":false},"author":2,"featured_media":0,"parent":0,"menu_order":0,"comment_status":"closed","ping_status":"closed","template":"","meta":[],"_links":{"self":[{"href":"https:\/\/www.johannesschwelm.de\/wordpress\/wp-json\/wp\/v2\/pages\/629"}],"collection":[{"href":"https:\/\/www.johannesschwelm.de\/wordpress\/wp-json\/wp\/v2\/pages"}],"about":[{"href":"https:\/\/www.johannesschwelm.de\/wordpress\/wp-json\/wp\/v2\/types\/page"}],"author":[{"embeddable":true,"href":"https:\/\/www.johannesschwelm.de\/wordpress\/wp-json\/wp\/v2\/users\/2"}],"replies":[{"embeddable":true,"href":"https:\/\/www.johannesschwelm.de\/wordpress\/wp-json\/wp\/v2\/comments?post=629"}],"version-history":[{"count":10,"href":"https:\/\/www.johannesschwelm.de\/wordpress\/wp-json\/wp\/v2\/pages\/629\/revisions"}],"predecessor-version":[{"id":795,"href":"https:\/\/www.johannesschwelm.de\/wordpress\/wp-json\/wp\/v2\/pages\/629\/revisions\/795"}],"wp:attachment":[{"href":"https:\/\/www.johannesschwelm.de\/wordpress\/wp-json\/wp\/v2\/media?parent=629"}],"curies":[{"name":"wp","href":"https:\/\/api.w.org\/{rel}","templated":true}]}}