{"id":596,"date":"2022-05-10T17:45:36","date_gmt":"2022-05-10T15:45:36","guid":{"rendered":"http:\/\/www.johannesschwelm.de\/wordpress\/?page_id=596"},"modified":"2023-09-15T09:52:49","modified_gmt":"2023-09-15T07:52:49","slug":"bildband","status":"publish","type":"page","link":"https:\/\/www.johannesschwelm.de\/wordpress\/bildband","title":{"rendered":"Bildband"},"content":{"rendered":"\n<figure class=\"wp-block-image size-full\"><a href=\"https:\/\/www.johannesschwelm.de\/wordpress\/wp-content\/uploads\/2022\/06\/Bildband_JSchwelm_Umschlag_klein.jpg\"><img loading=\"lazy\" width=\"886\" height=\"675\" src=\"https:\/\/www.johannesschwelm.de\/wordpress\/wp-content\/uploads\/2022\/06\/Bildband_JSchwelm_Umschlag_klein.jpg\" alt=\"\" class=\"wp-image-722\" srcset=\"https:\/\/www.johannesschwelm.de\/wordpress\/wp-content\/uploads\/2022\/06\/Bildband_JSchwelm_Umschlag_klein.jpg 886w, https:\/\/www.johannesschwelm.de\/wordpress\/wp-content\/uploads\/2022\/06\/Bildband_JSchwelm_Umschlag_klein-300x229.jpg 300w, https:\/\/www.johannesschwelm.de\/wordpress\/wp-content\/uploads\/2022\/06\/Bildband_JSchwelm_Umschlag_klein-768x585.jpg 768w\" sizes=\"(max-width: 706px) 89vw, (max-width: 767px) 82vw, 740px\" \/><\/a><\/figure>\n\n\n<div id=\"metaslider-id-553\" style=\"width: 100%;\" class=\"ml-slider-3-109-0 metaslider metaslider-flex metaslider-553 ml-slider has-dots-nav ms-theme-default\" role=\"region\" aria-label=\"Bildband\" data-height=\"800\" data-width=\"1200\">\n    <div id=\"metaslider_container_553\">\n        <div id=\"metaslider_553\" class=\"flexslider\">\n            <ul class='slides'>\n                <li style=\"display: block; width: 100%;\" class=\"slide-567 ms-image \" aria-roledescription=\"slide\" data-date=\"2022-05-10 16:40:15\" data-filename=\"Quirinus-scaled-1200x800.jpg\" data-slide-type=\"image\"><img src=\"https:\/\/www.johannesschwelm.de\/wordpress\/wp-content\/uploads\/2022\/05\/Quirinus-scaled-1200x800.jpg\" height=\"800\" width=\"1200\" alt=\"\" class=\"slider-553 slide-567 msDefaultImage\" title=\"Quirinus\" \/><div class=\"caption-wrap\"><div class=\"caption\">Quirinus M\u00fcnster<\/div><\/div><\/li>\n                <li style=\"display: none; width: 100%;\" class=\"slide-568 ms-image \" aria-roledescription=\"slide\" data-date=\"2022-05-10 16:40:15\" data-filename=\"Reuschenberger-Wald-scaled-1200x800.jpg\" data-slide-type=\"image\"><img src=\"https:\/\/www.johannesschwelm.de\/wordpress\/wp-content\/uploads\/2022\/05\/Reuschenberger-Wald-scaled-1200x800.jpg\" height=\"800\" width=\"1200\" alt=\"\" class=\"slider-553 slide-568 msDefaultImage\" title=\"Reuschenberger Wald\" \/><div class=\"caption-wrap\"><div class=\"caption\">Reuschenberger Wald<\/div><\/div><\/li>\n                <li style=\"display: none; width: 100%;\" class=\"slide-569 ms-image \" aria-roledescription=\"slide\" data-date=\"2022-05-10 16:40:15\" data-filename=\"Trauerbuche-Stadtgarten-1-scaled-1200x800.jpg\" data-slide-type=\"image\"><img src=\"https:\/\/www.johannesschwelm.de\/wordpress\/wp-content\/uploads\/2022\/05\/Trauerbuche-Stadtgarten-1-scaled-1200x800.jpg\" height=\"800\" width=\"1200\" alt=\"\" class=\"slider-553 slide-569 msDefaultImage\" title=\"Trauerbuche Stadtgarten\" \/><div class=\"caption-wrap\"><div class=\"caption\">Trauerbuche\/ Stadtgarten<\/div><\/div><\/li>\n                <li style=\"display: none; width: 100%;\" class=\"slide-570 ms-image \" aria-roledescription=\"slide\" data-date=\"2022-05-10 16:40:15\" data-filename=\"Kra\u0308ne-im-Hafen-scaled-1200x800.jpg\" data-slide-type=\"image\"><img src=\"https:\/\/www.johannesschwelm.de\/wordpress\/wp-content\/uploads\/2022\/05\/Kra\u0308ne-im-Hafen-scaled-1200x800.jpg\" height=\"800\" width=\"1200\" alt=\"\" class=\"slider-553 slide-570 msDefaultImage\" title=\"Kra\u0308ne im Hafen\" \/><div class=\"caption-wrap\"><div class=\"caption\">Hafenkr\u00e4ne<\/div><\/div><\/li>\n                <li style=\"display: none; width: 100%;\" class=\"slide-571 ms-image \" aria-roledescription=\"slide\" data-date=\"2022-05-10 16:40:15\" data-filename=\"Kastanie-Zolltor_-scaled-1200x800.jpg\" data-slide-type=\"image\"><img src=\"https:\/\/www.johannesschwelm.de\/wordpress\/wp-content\/uploads\/2022\/05\/Kastanie-Zolltor_-scaled-1200x800.jpg\" height=\"800\" width=\"1200\" alt=\"\" class=\"slider-553 slide-571 msDefaultImage\" title=\"Kastanie Zolltor_\" \/><div class=\"caption-wrap\"><div class=\"caption\">Kastanie\/ Zolltor <\/div><\/div><\/li>\n                <li style=\"display: none; width: 100%;\" class=\"slide-572 ms-image \" aria-roledescription=\"slide\" data-date=\"2022-05-10 16:40:15\" data-filename=\"Erftmu\u0308ndung-scaled-1200x800.jpg\" data-slide-type=\"image\"><img src=\"https:\/\/www.johannesschwelm.de\/wordpress\/wp-content\/uploads\/2022\/05\/Erftmu\u0308ndung-scaled-1200x800.jpg\" height=\"800\" width=\"1200\" alt=\"\" class=\"slider-553 slide-572 msDefaultImage\" title=\"Erftmu\u0308ndung\" \/><div class=\"caption-wrap\"><div class=\"caption\">Eftm\u00fcndung<\/div><\/div><\/li>\n                <li style=\"display: none; width: 100%;\" class=\"slide-573 ms-image \" aria-roledescription=\"slide\" data-date=\"2022-05-10 16:40:15\" data-filename=\"Jro\u0308o\u0308ne-Meerke-scaled-1200x800.jpg\" data-slide-type=\"image\"><img src=\"https:\/\/www.johannesschwelm.de\/wordpress\/wp-content\/uploads\/2022\/05\/Jro\u0308o\u0308ne-Meerke-scaled-1200x800.jpg\" height=\"800\" width=\"1200\" alt=\"\" class=\"slider-553 slide-573 msDefaultImage\" title=\"Jro\u0308o\u0308ne Meerke\" \/><div class=\"caption-wrap\"><div class=\"caption\">Jro\u0308o\u0308ne Meerke<\/div><\/div><\/li>\n                <li style=\"display: none; width: 100%;\" class=\"slide-574 ms-image \" aria-roledescription=\"slide\" data-date=\"2022-05-10 16:40:15\" data-filename=\"Wolke-Gu\u0308terbahnhof-scaled-1200x800.jpg\" data-slide-type=\"image\"><img src=\"https:\/\/www.johannesschwelm.de\/wordpress\/wp-content\/uploads\/2022\/05\/Wolke-Gu\u0308terbahnhof-scaled-1200x800.jpg\" height=\"800\" width=\"1200\" alt=\"\" class=\"slider-553 slide-574 msDefaultImage\" title=\"Wolke Gu\u0308terbahnhof\" \/><div class=\"caption-wrap\"><div class=\"caption\">Wolke\/ G\u00fcterbahnhof<\/div><\/div><\/li>\n                <li style=\"display: none; width: 100%;\" class=\"slide-566 ms-image \" aria-roledescription=\"slide\" data-date=\"2022-05-10 16:40:15\" data-filename=\"Alte-Eisenbahnbru\u0308cke-scaled-1200x800.jpg\" data-slide-type=\"image\"><img src=\"https:\/\/www.johannesschwelm.de\/wordpress\/wp-content\/uploads\/2022\/05\/Alte-Eisenbahnbru\u0308cke-scaled-1200x800.jpg\" height=\"800\" width=\"1200\" alt=\"\" class=\"slider-553 slide-566 msDefaultImage\" title=\"Alte Eisenbahnbru\u0308cke\" \/><div class=\"caption-wrap\"><div class=\"caption\">Alte Eisenbahnbr\u00fccke<\/div><\/div><\/li>\n                <li style=\"display: none; width: 100%;\" class=\"slide-720 ms-image \" aria-roledescription=\"slide\" data-date=\"2022-06-10 09:01:47\" data-filename=\"Gu\u0308terbahnhof-Webs.jpg\" data-slide-type=\"image\"><img src=\"https:\/\/www.johannesschwelm.de\/wordpress\/wp-content\/uploads\/2022\/06\/Gu\u0308terbahnhof-Webs.jpg\" height=\"800\" width=\"1200\" alt=\"\" class=\"slider-553 slide-720 msDefaultImage\" title=\"Gu\u0308terbahnhof Webs\" \/><div class=\"caption-wrap\"><div class=\"caption\">G\u00fcterbahnhof<\/div><\/div><\/li>\n            <\/ul>\n        <\/div>\n        \n    <\/div>\n<\/div>\n\n\n<p><em>&#8222;Das geht doch gar nicht \u2026 nicht f\u00fcr Neuss! Kein Sch\u00fctzenfest, kein Hafen mit \u00d6lm\u00fchlen, keine Rennbahn und manches mehr? Alles nicht dabei, kein einziges Foto davon? Und das will ein Stadtportrait sein?<br>Doch, doch, das geht, denn f\u00fcr viele Neusserinnen und Neusser gibt es auch eine andere Stadt in ihren Herzen, eine, in der sie gerne leben, die sie selbst mitgestalten, die ihnen guttut.<br>Johannes Schwelm geh\u00f6rt dazu. Er braucht sich Neuss nicht sch\u00f6n zu reden. Er mag die Stadt, so ungeschminkt, unspektakul\u00e4r und schlicht, wie sie sein kann. Mit versteckten Reizen und Geheimnissen, vor allem aber vertrauten und gesch\u00e4tzten Menschen, ein Eldorado f\u00fcr jemanden, der Geschichten liebt, die das Leben schreibt, mit Br\u00fcchen, R\u00fcckschl\u00e4gen, Zuf\u00e4lligem, aber auch Gl\u00fccksmomenten.<br>Seine Fotografien sind ohne Hast entstanden, mit Respekt vor dem ungeschminkt Allt\u00e4glichen, mit Sympathie f\u00fcr das Normale. Er schenkt seinen Motiven Bildw\u00fcrdigkeit, bringt ihnen Wertsch\u00e4tzung entgegen.<br>Denn man muss den Ort doch lieben k\u00f6nnen, an dem man lebt, oder?&#8220;<\/em><br><strong>Thomas Brandt<\/strong><br>K\u00fcnstler, Kunstvermittler und ehemaliger Leiter der Alten Post<\/p>\n\n\n\n<p><strong>Johannes Schwelm <\/strong>lebt seit \u00fcber 30 Jahren in Neuss. Er ist Diplom-P\u00e4dagoge und erhielt seine k\u00fcnstlerische Ausbildung in der Alten Post, dem Theater am Schlachthof sowie der D\u00fcsseldorfer Kunstakademie. Er schrieb Romane, trat als Komiker auf und zeigte seine Fotos, Malereien und Objekte in zahlreichen Ausstellungen. Der Neusser Alltag inspiriert ihn zu seinen Bildern und Geschichten. Von Natur aus ein Landei kommt es ihm sehr entgegen, dass Neuss ein gro\u00dfes Dorf ist. Mit viel Sympathie durchwandert er seine Stadt, von der er ein Foto-Portrait zeigt, in dem enorm viel Herzblut steckt.<\/p>\n","protected":false},"excerpt":{"rendered":"<p>&#8222;Das geht doch gar nicht \u2026 nicht f\u00fcr Neuss! Kein Sch\u00fctzenfest, kein Hafen mit \u00d6lm\u00fchlen, keine Rennbahn und manches mehr? Alles nicht dabei, kein einziges Foto davon? Und das will ein Stadtportrait sein?Doch, doch, das geht, denn f\u00fcr viele Neusserinnen und Neusser gibt es auch eine andere Stadt in ihren Herzen, eine, in der sie &hellip; <\/p>\n<p class=\"link-more\"><a href=\"https:\/\/www.johannesschwelm.de\/wordpress\/bildband\" class=\"more-link\"><span class=\"screen-reader-text\">\u201eBildband\u201c<\/span> weiterlesen<\/a><\/p>\n","protected":false},"author":2,"featured_media":0,"parent":0,"menu_order":0,"comment_status":"closed","ping_status":"closed","template":"","meta":[],"_links":{"self":[{"href":"https:\/\/www.johannesschwelm.de\/wordpress\/wp-json\/wp\/v2\/pages\/596"}],"collection":[{"href":"https:\/\/www.johannesschwelm.de\/wordpress\/wp-json\/wp\/v2\/pages"}],"about":[{"href":"https:\/\/www.johannesschwelm.de\/wordpress\/wp-json\/wp\/v2\/types\/page"}],"author":[{"embeddable":true,"href":"https:\/\/www.johannesschwelm.de\/wordpress\/wp-json\/wp\/v2\/users\/2"}],"replies":[{"embeddable":true,"href":"https:\/\/www.johannesschwelm.de\/wordpress\/wp-json\/wp\/v2\/comments?post=596"}],"version-history":[{"count":24,"href":"https:\/\/www.johannesschwelm.de\/wordpress\/wp-json\/wp\/v2\/pages\/596\/revisions"}],"predecessor-version":[{"id":796,"href":"https:\/\/www.johannesschwelm.de\/wordpress\/wp-json\/wp\/v2\/pages\/596\/revisions\/796"}],"wp:attachment":[{"href":"https:\/\/www.johannesschwelm.de\/wordpress\/wp-json\/wp\/v2\/media?parent=596"}],"curies":[{"name":"wp","href":"https:\/\/api.w.org\/{rel}","templated":true}]}}